{"id":115,"date":"2019-11-02T07:21:39","date_gmt":"2019-11-02T06:21:39","guid":{"rendered":"http:\/\/forexzr.com\/?page_id=115"},"modified":"2019-11-02T07:21:46","modified_gmt":"2019-11-02T06:21:46","slug":"politica-de-cookies","status":"publish","type":"page","link":"https:\/\/forexzr.com\/index.php\/politica-de-cookies\/","title":{"rendered":"Pol\u00edtica de Cookies"},"content":{"rendered":"\n<div class=\"wp-block-themeisle-blocks-advanced-columns has-1-columns has-desktop-equal-layout has-tablet-equal-layout has-mobile-equal-layout has-default-gap has-vertical-unset\" id=\"wp-block-themeisle-blocks-advanced-columns-96e7f5ea\" style=\"border-width:0px;border-style:solid;border-color:#000000;border-radius:0px;justify-content:unset\"><div class=\"wp-themeisle-block-overlay\" style=\"opacity:0.5;mix-blend-mode:normal\"><\/div><div class=\"innerblocks-wrap\">\n<div class=\"wp-block-themeisle-blocks-advanced-column\" id=\"wp-block-themeisle-blocks-advanced-column-651c4c98\" style=\"border-width:0px;border-style:solid;border-color:#000000;border-radius:0px\">\n<p>Al igual que otros sitios web, http:\/\/forexzr.com\/ (el \u201cSitio Web\u201d) utiliza una tecnolog\u00eda denominada cookies para recabar informaci\u00f3n acerca de su uso por parte de los usuarios. El responsable del tratamiento de esa informaci\u00f3n es FOREX SYSTEM ZR, S.L., con direcci\u00f3n en C\/ Sant Jordi, 14 bis, 08757 \u2013 Corbera de Llobregat (Barcelona).<\/p>\n\n\n\n<p>Te informamos de que podemos utilizarlas en tu equipo a condici\u00f3n de que hayas dado tu consentimiento, salvo en los supuestos en los que sean necesarias para la navegaci\u00f3n por el Sitio Web.<\/p>\n\n\n\n<p>A tal efecto, te indicamos que la utilizaci\u00f3n de las diferentes cookies por nuestro Sitio Web nos permite estudiar tus h\u00e1bitos de navegaci\u00f3n y mostrarte contenido que puede ser de tu inter\u00e9s, recoger estad\u00edsticas de uso para identificar potenciales mejoras del Sitio Web y errores del mismo, facilitar la navegaci\u00f3n a trav\u00e9s del Sitio Web y proporcionarte una mejor experiencia de usuario. En definitiva, las cookies nos permiten tener m\u00e1s informaci\u00f3n acerca de tus preferencias y personalizar nuestro Sitio Web de conformidad con tus intereses y los de los dem\u00e1s usuarios.<\/p>\n\n\n\n<h3 class=\"wp-block-heading\"><strong>Definici\u00f3n<\/strong><\/h3>\n\n\n\n<p>Una cookie es un archivo que se descarga en tu equipo terminal con la finalidad de almacenar datos que podr\u00e1n ser actualizados y recuperados por la entidad responsable de su instalaci\u00f3n. Salvo que hayas configurado tu navegador para deshabilitarlas, nuestro sistema las usar\u00e1 en tanto en cuanto visites nuestro Sitio Web y hayas aceptado su instalaci\u00f3n.<\/p>\n\n\n\n<h3 class=\"wp-block-heading\"><strong>Tipo de cookies utilizadas por el Sitio Web<\/strong><\/h3>\n\n\n\n<p>En el Sitio Web utilizamos distintas categor\u00edas de cookies, que pueden clasificarse seg\u00fan su finalidad en las siguientes:<\/p>\n\n\n\n<ul><li><strong>Obligatorias<\/strong><\/li><\/ul>\n\n\n\n<p>Cookies estrictamente necesarias para navegar por la web, que permiten funciones b\u00e1sicas como la navegaci\u00f3n de una secci\u00f3n a otra. Se encargan de aspectos t\u00e9cnicos como identificar perfiles o sesiones y gestionar preferencias de herramientas en el uso, interacci\u00f3n y localizaci\u00f3n del acceso a los contenidos.<\/p>\n\n\n\n<ul><li><strong>Estad\u00edsticas Acepto \/ No acepto<\/strong>&nbsp;<\/li><\/ul>\n\n\n\n<p>Estas cookies recogen informaci\u00f3n relativa al uso del Sitio Web, como la permanencia en el mismo y los contenidos visitados, para comprender c\u00f3mo interact\u00faan los usuarios con el Sitio Web y as\u00ed mejorar aspectos de la navegaci\u00f3n<\/p>\n\n\n\n<ul><li><strong>Funcionales&nbsp; Acepto \/ No acepto<\/strong><\/li><\/ul>\n\n\n\n<p>Las cookies funcionales permiten que el Sitio Web recuerde informaci\u00f3n del usuario para enriquecer la experiencia de navegaci\u00f3n como, por ejemplo, su idioma preferido o la regi\u00f3n desde la que accede<\/p>\n\n\n\n<ul><li><strong>Personalizaci\u00f3n de Publicidad&nbsp;&nbsp;&nbsp;&nbsp;&nbsp;&nbsp;&nbsp;Acepto \/ No acepto<\/strong><\/li><\/ul>\n\n\n\n<p>Estas cookies obtienen informaci\u00f3n de la navegaci\u00f3n del usuario para gestionar espacios publicitarios, ofreciendo anuncios relevantes seg\u00fan los gustos del usuario.<\/p>\n\n\n\n<h2 class=\"wp-block-heading\"><strong>Deshabilitar cookies<\/strong><\/h2>\n\n\n\n<p>La pr\u00e1ctica mayor\u00eda de los navegadores permiten advertir de la presencia de cookies o rechazarlas autom\u00e1ticamente. Si las rechazas podr\u00e1s seguir usando nuestro Sitio Web pero posiblemente experimentes dificultades en cuanto a la navegabilidad y operatividad del Sitio Web y no puedas acceder a determinadas funcionalidades (ej. Guardar carrito de la compra de sesi\u00f3n en sesi\u00f3n\/Guardar tus datos en formularios de sesi\u00f3n en sesi\u00f3n). As\u00ed, la desactivaci\u00f3n puede provocar que el uso de algunos de los servicios del Sitio Web sea limitado y por tanto tu experiencia sea menos satisfactoria.<\/p>\n\n\n\n<h2 class=\"wp-block-heading\"><strong>Retirar el consentimiento<\/strong><\/h2>\n\n\n\n<p>Si quisieses retirar en cualquier momento tu consentimiento relacionado con la Pol\u00edtica de Cookies, tienes dos opciones: (i) retirar tu consentimiento a trav\u00e9s de los botones habilitados al efecto en esta Pol\u00edtica de cookies; o (ii) eliminar las cookies almacenadas en tu equipo a trav\u00e9s de los ajustes y configuraciones de tu navegador de Internet.<\/p>\n\n\n\n<p>Puedes ampliar la informaci\u00f3n sobre c\u00f3mo deshabilitar las cookies, dependiendo de tu navegador, en los siguientes enlaces:<\/p>\n\n\n\n<ul><li><strong>Internet Explorer:&nbsp;<\/strong><a href=\"https:\/\/support.microsoft.com\/es-es\/help\/17442\/windows-internet-explorer-delete-manage-cookies\" target=\"_blank\" rel=\"noreferrer noopener\">https:\/\/support.microsoft.com\/es-es\/help\/17442\/windows-internet-explorer-delete-manage-cookies<\/a><\/li><li><strong>Firefox:&nbsp;<\/strong><a href=\"https:\/\/support.mozilla.org\/es\/kb\/habilitar-y-deshabilitar-cookies-sitios-web-rastrear-preferencias\" target=\"_blank\" rel=\"noreferrer noopener\">https:\/\/support.mozilla.org\/es\/kb\/habilitar-y-deshabilitar-cookies-sitios-web-rastrear-preferencias<\/a><\/li><li><strong>Chrome:&nbsp;<\/strong><a href=\"https:\/\/support.google.com\/chrome\/answer\/95647?co=GENIE.Platform%3DDesktop&amp;hl=es\" target=\"_blank\" rel=\"noreferrer noopener\">https:\/\/support.google.com\/chrome\/answer\/95647?co=GENIE.Platform%3DDesktop&amp;hl=es<\/a><\/li><li><strong>Safari:&nbsp;<\/strong><a rel=\"noreferrer noopener\" href=\"https:\/\/support.apple.com\/kb\/ph21411?locale=es_ES\" target=\"_blank\">https:\/\/support.apple.com\/kb\/ph21411?locale=es_ES<\/a>&nbsp;; para iOS: &nbsp;<a href=\"https:\/\/support.apple.com\/es-es\/HT201265\" target=\"_blank\" rel=\"noreferrer noopener\">https:\/\/support.apple.com\/es-es\/HT201265<\/a><\/li><\/ul>\n\n\n\n<p><strong>Tambi\u00e9n puedes configurar tus consentimientos sobre el uso de cookies para publicidad comportamental accediendo a:<\/strong><\/p>\n\n\n\n<figure class=\"wp-block-embed\"><div class=\"wp-block-embed__wrapper\">\nhttp:\/\/www.youronlinechoices.com\/es\/\n<\/div><\/figure>\n\n\n\n<h2 class=\"wp-block-heading\"><strong>Modificaciones en esta pol\u00edtica<\/strong><\/h2>\n\n\n\n<p>Es posible que actualicemos la Pol\u00edtica de Cookies de nuestro Sitio Web peri\u00f3dicamente. Por ello, te recomendamos revisar esta pol\u00edtica cada vez que accedas a nuestro Sitio Web con el objetivo de estar adecuadamente informado sobre c\u00f3mo y para qu\u00e9 utilizamos las Cookies.<\/p>\n\n\n\n<h2 class=\"wp-block-heading\"><strong>Contacto<\/strong><\/h2>\n\n\n\n<p>Si tuvieras cualquier duda relacionada con el uso de cookies por nuestra parte, por favor, escribe un email a forexzr@gmail.com y te responderemos tan pronto como sea posible.<\/p>\n<\/div>\n<\/div><\/div>\n","protected":false},"excerpt":{"rendered":"","protected":false},"author":1,"featured_media":0,"parent":0,"menu_order":0,"comment_status":"closed","ping_status":"closed","template":"","meta":{"footnotes":""},"jetpack_sharing_enabled":true,"_links":{"self":[{"href":"https:\/\/forexzr.com\/index.php\/wp-json\/wp\/v2\/pages\/115"}],"collection":[{"href":"https:\/\/forexzr.com\/index.php\/wp-json\/wp\/v2\/pages"}],"about":[{"href":"https:\/\/forexzr.com\/index.php\/wp-json\/wp\/v2\/types\/page"}],"author":[{"embeddable":true,"href":"https:\/\/forexzr.com\/index.php\/wp-json\/wp\/v2\/users\/1"}],"replies":[{"embeddable":true,"href":"https:\/\/forexzr.com\/index.php\/wp-json\/wp\/v2\/comments?post=115"}],"version-history":[{"count":0,"href":"https:\/\/forexzr.com\/index.php\/wp-json\/wp\/v2\/pages\/115\/revisions"}],"wp:attachment":[{"href":"https:\/\/forexzr.com\/index.php\/wp-json\/wp\/v2\/media?parent=115"}],"curies":[{"name":"wp","href":"https:\/\/api.w.org\/{rel}","templated":true}]}}