{"id":1827,"date":"2019-12-23T07:40:32","date_gmt":"2019-12-23T06:40:32","guid":{"rendered":"https:\/\/forexzr.com\/?page_id=1827"},"modified":"2019-12-23T07:40:36","modified_gmt":"2019-12-23T06:40:36","slug":"abre-tu-negocio-online","status":"publish","type":"page","link":"https:\/\/forexzr.com\/index.php\/abre-tu-negocio-online\/","title":{"rendered":"Abre tu negocio online"},"content":{"rendered":"\n<p>Uno de los m\u00e9todos m\u00e1s sencillos de trabajar desde casa es teniendo tu propio negocio online.<\/p>\n\n\n\n<p>Los negocios online comparten una serie de caracter\u00edsticas que podr\u00edamos resumir en:<\/p>\n\n\n\n<p>\u00b7 La inversi\u00f3n en infraestructura es reducida<\/p>\n\n\n\n<p>\u00b7 Mercado Global a Nivel Mundial<\/p>\n\n\n\n<p>\u00b7 Abierto las 24 horas<\/p>\n\n\n\n<p>\u00b7 Trabaja donde y cuando quieras<\/p>\n\n\n\n<p>Hay muchos tipos de negocios online, la t\u00edpica tienda de dropshipping, respuestas de cuestionarios, introducci\u00f3n de datos,&#8230;, pero todos estos requieren de una inversi\u00f3n de tiempo considerable. ForexZR te propone un tipo de negocio online basado en inversiones en el mercado forex donde el trabajo principalmente lo hace un robot, \u00abAsesor Experto\u00bb, que compra y vende los activos por ti.<\/p>\n\n\n\n<p><\/p>\n\n\n\n<div class=\"wp-block-themeisle-blocks-advanced-columns has-undefined-columns has-desktop-undefined-layout has-tablet-equal-layout has-mobile-equal-layout has-default-gap has-vertical-unset\" id=\"wp-block-themeisle-blocks-advanced-columns-5d11ec50\" style=\"border-width:0px;border-style:solid;border-color:#000000;border-radius:0px;justify-content:unset\"><div class=\"wp-themeisle-block-overlay\" style=\"opacity:0.5;mix-blend-mode:normal\"><\/div><div class=\"innerblocks-wrap\"><\/div><\/div>\n","protected":false},"excerpt":{"rendered":"<p>Uno de los m\u00e9todos m\u00e1s sencillos de trabajar desde casa es teniendo tu propio negocio online. Los negocios online comparten una serie de caracter\u00edsticas que podr\u00edamos resumir en: \u00b7 La inversi\u00f3n en infraestructura es reducida \u00b7 Mercado Global a Nivel Mundial \u00b7 Abierto las 24 horas \u00b7 Trabaja donde y [&hellip;]<\/p>\n","protected":false},"author":1,"featured_media":0,"parent":0,"menu_order":0,"comment_status":"closed","ping_status":"closed","template":"","meta":{"footnotes":""},"jetpack_sharing_enabled":true,"_links":{"self":[{"href":"https:\/\/forexzr.com\/index.php\/wp-json\/wp\/v2\/pages\/1827"}],"collection":[{"href":"https:\/\/forexzr.com\/index.php\/wp-json\/wp\/v2\/pages"}],"about":[{"href":"https:\/\/forexzr.com\/index.php\/wp-json\/wp\/v2\/types\/page"}],"author":[{"embeddable":true,"href":"https:\/\/forexzr.com\/index.php\/wp-json\/wp\/v2\/users\/1"}],"replies":[{"embeddable":true,"href":"https:\/\/forexzr.com\/index.php\/wp-json\/wp\/v2\/comments?post=1827"}],"version-history":[{"count":0,"href":"https:\/\/forexzr.com\/index.php\/wp-json\/wp\/v2\/pages\/1827\/revisions"}],"wp:attachment":[{"href":"https:\/\/forexzr.com\/index.php\/wp-json\/wp\/v2\/media?parent=1827"}],"curies":[{"name":"wp","href":"https:\/\/api.w.org\/{rel}","templated":true}]}}