{"id":5007,"date":"2020-10-31T09:42:49","date_gmt":"2020-10-31T08:42:49","guid":{"rendered":"https:\/\/forexzr.com\/?page_id=5007"},"modified":"2020-11-04T00:15:10","modified_gmt":"2020-11-03T23:15:10","slug":"backtesting-seeker-bot","status":"publish","type":"page","link":"https:\/\/forexzr.com\/index.php\/backtesting-seeker-bot\/","title":{"rendered":"Backtesting Seeker Bot"},"content":{"rendered":"\n<div class=\"wp-block-themeisle-blocks-advanced-columns has-1-columns has-desktop-equal-layout has-tablet-equal-layout has-mobile-equal-layout has-default-gap has-vertical-unset\" id=\"wp-block-themeisle-blocks-advanced-columns-d7eb1240\"><div class=\"wp-block-themeisle-blocks-advanced-columns-overlay\"><\/div><div class=\"innerblocks-wrap\">\n<div class=\"wp-block-themeisle-blocks-advanced-column\" id=\"wp-block-themeisle-blocks-advanced-column-2debf029\">\n<p>En esta secci\u00f3n podr\u00e9is descargaros el bot Seeker Bot para hacer backtesting en el probador de estrategias del Metatrader4 y as\u00ed podr\u00e9is comprobar las configuraciones que os facilitamos y las vuestras propias si lo dese\u00e1is.<\/p>\n\n\n\n<div class=\"wp-block-columns is-layout-flex wp-container-core-columns-layout-1 wp-block-columns-is-layout-flex\">\n<div class=\"wp-block-column is-layout-flow wp-block-column-is-layout-flow\">\n<div class=\"wp-block-image\"><figure class=\"aligncenter size-large is-resized\"><img loading=\"lazy\" decoding=\"async\" src=\"https:\/\/i0.wp.com\/forexzr.com\/wp-content\/uploads\/2020\/10\/seekerbot.png?resize=116%2C225&#038;ssl=1\" alt=\"Seeker Bot - ForexZR\" class=\"wp-image-4902\" width=\"116\" height=\"225\" data-recalc-dims=\"1\" \/><\/figure><\/div>\n\n\n\n<p><\/p>\n<\/div>\n\n\n\n<div class=\"wp-block-column is-vertically-aligned-center is-layout-flow wp-block-column-is-layout-flow\">\n<div class=\"wp-block-file\"><h3><a href=\"https:\/\/presfly.com\/SeekerBot2020\" target=\"_blank\" rel=\"noreferrer noopener\">SEEKER BOT<br> BACKTESTING<\/a><\/h3><\/div>\n<\/div>\n<\/div>\n\n\n\n<p><font size=\"2\">NOTA: Para todos aquellos que se\u00e1is afiliados nuestros a ICMarkets o XM, tenemos una versi\u00f3n del robot que tambi\u00e9n funciona en cuenta Demo. Para solicitarla enviadnos un mail con vuestro n\u00famero de cuenta afiliado y nosotros os la enviaremos por mail tras la comprobaci\u00f3n.<\/font><\/p>\n<\/div>\n<\/div><\/div>\n","protected":false},"excerpt":{"rendered":"","protected":false},"author":1,"featured_media":0,"parent":0,"menu_order":0,"comment_status":"closed","ping_status":"closed","template":"","meta":{"footnotes":""},"jetpack_sharing_enabled":true,"_links":{"self":[{"href":"https:\/\/forexzr.com\/index.php\/wp-json\/wp\/v2\/pages\/5007"}],"collection":[{"href":"https:\/\/forexzr.com\/index.php\/wp-json\/wp\/v2\/pages"}],"about":[{"href":"https:\/\/forexzr.com\/index.php\/wp-json\/wp\/v2\/types\/page"}],"author":[{"embeddable":true,"href":"https:\/\/forexzr.com\/index.php\/wp-json\/wp\/v2\/users\/1"}],"replies":[{"embeddable":true,"href":"https:\/\/forexzr.com\/index.php\/wp-json\/wp\/v2\/comments?post=5007"}],"version-history":[{"count":5,"href":"https:\/\/forexzr.com\/index.php\/wp-json\/wp\/v2\/pages\/5007\/revisions"}],"predecessor-version":[{"id":5027,"href":"https:\/\/forexzr.com\/index.php\/wp-json\/wp\/v2\/pages\/5007\/revisions\/5027"}],"wp:attachment":[{"href":"https:\/\/forexzr.com\/index.php\/wp-json\/wp\/v2\/media?parent=5007"}],"curies":[{"name":"wp","href":"https:\/\/api.w.org\/{rel}","templated":true}]}}