{"id":5927,"date":"2022-02-01T11:14:47","date_gmt":"2022-02-01T10:14:47","guid":{"rendered":"https:\/\/forexzr.com\/?page_id=5927"},"modified":"2022-02-01T11:18:01","modified_gmt":"2022-02-01T10:18:01","slug":"robots-para-criptomonedas","status":"publish","type":"page","link":"https:\/\/forexzr.com\/index.php\/robots-para-criptomonedas\/","title":{"rendered":"Robots para Criptomonedas"},"content":{"rendered":"\n<p class=\"has-medium-font-size\">Los Robots para criptomonedas de Forex ZR permiten al usuario realizar trading autom\u00e1tico o semiautom\u00e1tico en la web de Binance.<\/p>\n\n\n\n<p class=\"has-medium-font-size\">Cada uno de nuestros bots para cripto tienen una estrategia definida de trading que puede configurarse con diferentes par\u00e1metros para ajustar la estrategia al momento del mercado para obtener el mejor rendimiento en cada situaci\u00f3n.<\/p>\n\n\n\n<p><\/p>\n\n\n\n<figure class=\"wp-block-table\"><table><tbody><tr><td class=\"has-text-align-center\" data-align=\"center\">\n<font size=\"+2\"><strong>CRIPTO BOT<\/strong><\/font><\/td><td class=\"has-text-align-center\" data-align=\"center\"> <font size=\"+2\"><strong>CRIPTO SNIFER<\/strong><\/font><\/td><\/tr><tr><td class=\"has-text-align-center\" data-align=\"center\"><font size=\"+1\">Robot 100% autom\u00e1tico que realiza compras y ventas de 15 criptomonedas, con una estrategia tradicional de comprar barato para obtener beneficios en la venta por un importe superior.<\/font><\/td><td class=\"has-text-align-center\" data-align=\"center\"><font size=\"+1\">Robot semiautom\u00e1tico para criptomonedas. Este bot buscar\u00e1 entre todas las criptomonedas de la plataforma de Binance y mostrar\u00e1 aquellas que son susceptibles de comercialas por encontrarse en una situaci\u00f3n favorable.<\/font><\/td><\/tr><tr><td class=\"has-text-align-center\" data-align=\"center\"><a href=\"https:\/\/forexzr.com\/index.php\/categoria-producto\/criptobot\/\" data-type=\"URL\" data-id=\"https:\/\/forexzr.com\/index.php\/categoria-producto\/criptobot\/\"><img loading=\"lazy\" decoding=\"async\" width=\"750\" height=\"1125\" class=\"wp-image-5184\" style=\"width: 150px;\" src=\"https:\/\/i0.wp.com\/forexzr.com\/wp-content\/uploads\/2021\/03\/criptobot-zr.png?resize=750%2C1125&#038;ssl=1\" alt=\"\" srcset=\"https:\/\/i0.wp.com\/forexzr.com\/wp-content\/uploads\/2021\/03\/criptobot-zr.png?w=1280&amp;ssl=1 1280w, https:\/\/i0.wp.com\/forexzr.com\/wp-content\/uploads\/2021\/03\/criptobot-zr.png?resize=200%2C300&amp;ssl=1 200w, https:\/\/i0.wp.com\/forexzr.com\/wp-content\/uploads\/2021\/03\/criptobot-zr.png?resize=683%2C1024&amp;ssl=1 683w, https:\/\/i0.wp.com\/forexzr.com\/wp-content\/uploads\/2021\/03\/criptobot-zr.png?resize=768%2C1152&amp;ssl=1 768w, https:\/\/i0.wp.com\/forexzr.com\/wp-content\/uploads\/2021\/03\/criptobot-zr.png?resize=1024%2C1536&amp;ssl=1 1024w, https:\/\/i0.wp.com\/forexzr.com\/wp-content\/uploads\/2021\/03\/criptobot-zr.png?resize=600%2C900&amp;ssl=1 600w\" sizes=\"(max-width: 750px) 100vw, 750px\" data-recalc-dims=\"1\" \/><\/a><a href=\"https:\/\/forexzr.com\/index.php\/categoria-producto\/scalping-bot-zr-double-x\" data-type=\"URL\" data-id=\"https:\/\/forexzr.com\/index.php\/categoria-producto\/scalping-bot-zr-double-x\"><\/a><\/td><td class=\"has-text-align-center\" data-align=\"center\"><img loading=\"lazy\" decoding=\"async\" width=\"600\" height=\"480\" class=\"wp-image-5929\" style=\"width: 250px;\" src=\"https:\/\/i0.wp.com\/forexzr.com\/wp-content\/uploads\/2022\/02\/robot-perro.png?resize=600%2C480&#038;ssl=1\" alt=\"CRIPTO SNIFER - Forex ZR Robot para realizar trading semiautom\u00e1tico de criptomonedas en Binance\" srcset=\"https:\/\/i0.wp.com\/forexzr.com\/wp-content\/uploads\/2022\/02\/robot-perro.png?w=600&amp;ssl=1 600w, https:\/\/i0.wp.com\/forexzr.com\/wp-content\/uploads\/2022\/02\/robot-perro.png?resize=300%2C240&amp;ssl=1 300w\" sizes=\"(max-width: 600px) 100vw, 600px\" data-recalc-dims=\"1\" \/><a href=\"https:\/\/forexzr.com\/index.php\/categoria-producto\/trading-bot\/\" data-type=\"URL\" data-id=\"https:\/\/forexzr.com\/index.php\/categoria-producto\/trading-bot\/\"><\/a><\/td><\/tr><\/tbody><\/table><\/figure>\n\n\n\n<p><\/p>\n","protected":false},"excerpt":{"rendered":"<p>Los Robots para criptomonedas de Forex ZR permiten al usuario realizar trading autom\u00e1tico o semiautom\u00e1tico en la web de Binance. Cada uno de nuestros bots para cripto tienen una estrategia definida de trading que puede configurarse con diferentes par\u00e1metros para ajustar la estrategia al momento del mercado para obtener el [&hellip;]<\/p>\n","protected":false},"author":1,"featured_media":0,"parent":0,"menu_order":0,"comment_status":"closed","ping_status":"closed","template":"","meta":{"footnotes":""},"jetpack_sharing_enabled":true,"_links":{"self":[{"href":"https:\/\/forexzr.com\/index.php\/wp-json\/wp\/v2\/pages\/5927"}],"collection":[{"href":"https:\/\/forexzr.com\/index.php\/wp-json\/wp\/v2\/pages"}],"about":[{"href":"https:\/\/forexzr.com\/index.php\/wp-json\/wp\/v2\/types\/page"}],"author":[{"embeddable":true,"href":"https:\/\/forexzr.com\/index.php\/wp-json\/wp\/v2\/users\/1"}],"replies":[{"embeddable":true,"href":"https:\/\/forexzr.com\/index.php\/wp-json\/wp\/v2\/comments?post=5927"}],"version-history":[{"count":2,"href":"https:\/\/forexzr.com\/index.php\/wp-json\/wp\/v2\/pages\/5927\/revisions"}],"predecessor-version":[{"id":5930,"href":"https:\/\/forexzr.com\/index.php\/wp-json\/wp\/v2\/pages\/5927\/revisions\/5930"}],"wp:attachment":[{"href":"https:\/\/forexzr.com\/index.php\/wp-json\/wp\/v2\/media?parent=5927"}],"curies":[{"name":"wp","href":"https:\/\/api.w.org\/{rel}","templated":true}]}}