{"id":6545,"date":"2023-06-13T13:09:57","date_gmt":"2023-06-13T11:09:57","guid":{"rendered":"https:\/\/forexzr.com\/?page_id=6545"},"modified":"2023-06-13T19:13:25","modified_gmt":"2023-06-13T17:13:25","slug":"comparativa-brokers","status":"publish","type":"page","link":"https:\/\/forexzr.com\/index.php\/comparativa-brokers\/","title":{"rendered":"Comparativa brokers"},"content":{"rendered":"\n<div class=\"wp-block-themeisle-blocks-advanced-columns has-1-columns has-desktop-equal-layout has-tablet-equal-layout has-mobile-equal-layout has-default-gap has-vertical-unset\" id=\"wp-block-themeisle-blocks-advanced-columns-47339fea\"><div class=\"wp-block-themeisle-blocks-advanced-columns-overlay\"><\/div><div class=\"innerblocks-wrap\">\n<div class=\"wp-block-themeisle-blocks-advanced-column\" id=\"wp-block-themeisle-blocks-advanced-column-e7ccbd15\">\n<figure class=\"wp-block-table\"><table><tbody><tr><td><a href=\"https:\/\/icmarkets.com\/?camp=41671\" target=\"_blank\" rel=\"noopener\"><img loading=\"lazy\" decoding=\"async\" class=\"img-fluid\" src=\"https:\/\/i0.wp.com\/promo.icmarkets.com\/Banners\/2021\/Spanish\/SPA_336x280_Cellphon_FSA.jpg?resize=350%2C350&#038;ssl=1\" width=\"350\" height=\"350\"  data-recalc-dims=\"1\"><\/a><\/td><td><a rel=\"noreferrer noopener\" href=\"https:\/\/www.roboforex.com\/es\/clients\/promotions\/profit-share\/?utm_source=domain&amp;utm_medium=affbanerimg&amp;utm_content=size250_250&amp;utm_campaign=affprofitshare&amp;a=ezds\" target=\"_blank\"><img loading=\"lazy\" decoding=\"async\" width=\"300\" height=\"300\" src=\"https:\/\/i0.wp.com\/my.roboforex.com\/files\/banners\/56_es_rbfx_250x250__12076a331f3dc3fbb34623a6da8c5265.jpg?resize=300%2C300\" data-recalc-dims=\"1\"><\/a><\/td><td><a href=\"https:\/\/clicks.pipaffiliates.com\/c?m=60652&amp;c=313551\" referrerpolicy=\"no-referrer-when-downgrade\"><img loading=\"lazy\" decoding=\"async\" src=\"https:\/\/ads.pipaffiliates.com\/i\/60652?c=313551\" width=\"300\" height=\"300\" referrerpolicy=\"no-referrer-when-downgrade\"><\/a><\/td><\/tr><tr><td><a href=\"https:\/\/secure.tickmill.co.uk\/?utm_campaign=ib_link&amp;utm_content=IB56085892&amp;utm_medium=The+world%E2%80%99s+major+stock+indices+At+absolute+zero%21++250x250+Espa%C3%B1ol&amp;utm_source=link&amp;lp=https%3A%2F%2Fwww.tickmill.co.uk%2Fes%2Flp%2Fthe-worlds-major-stock-indices-at-absolute-zero\" target=\"_blank\" rel=\"noopener\"><img loading=\"lazy\" decoding=\"async\" alt=\"path\" src=\"https:\/\/i0.wp.com\/cdn.tickmill.com\/promotional\/2\/banners\/static\/ca_96_250x250_eu.png?resize=300%2C300&#038;ssl=1\" width=\"300\" height=\"300\"  data-recalc-dims=\"1\"><\/a><\/td><td><a href=\"https:\/\/go.vantagefx.com\/visit\/?bta=51045&amp;nci=8990\" target=\"_Top\" rel=\"noopener\"><img loading=\"lazy\" decoding=\"async\" border=\"0\" src=\"https:\/\/vantagefx.ck-cdn.com\/tn\/serve\/?cid=609969\" width=\"300\" height=\"350\"><\/a><\/td><td><a href=\"https:\/\/admiralmarkets.com\/start-trading\/admiral-invest-stocks-and-etfs?raf=201470455\"><img loading=\"lazy\" decoding=\"async\" border=\"0\" src=\"https:\/\/i0.wp.com\/dce5jani6jm7e.cloudfront.net\/data\/welcomeBonus\/og_image.png?resize=400%2C300&#038;ssl=1\" width=\"400\" height=\"300\"  data-recalc-dims=\"1\"><\/a><\/td><\/tr><\/tbody><\/table><\/figure>\n<\/div>\n<\/div><\/div>\n\n\n\n<p>Los brokers son las plataformas que nos permiten operar dentro del mercado Forex. Tenemos que escoger una o varias para poder realizar el trading. La elecci\u00f3n no es trivial, ya depositamos nuestros fondos en estos brokers para poder abrir y cerrar las operaciones.<\/p>\n\n\n\n<p>Nosotros llevamos tiempo operando con ellos y queremos mostrar informaci\u00f3n relevante para facilitaros la elecci\u00f3n de los mismos.<\/p>\n\n\n\n<p>La informaci\u00f3n que presentamos a continuaci\u00f3n es un resumen de lo que ofrecen en sus plataformas y nuestra opini\u00f3n al respecto.<\/p>\n\n\n\n<p>Con los siguientes brokers tenemos una relaci\u00f3n comercial a trav\u00e9s de su programa de afiliados que nos permite generar promociones para nuestros clientes, como descuentos y bots gratis, para aquellos que est\u00e9is afiliados con nosotros.<\/p>\n\n\n\n<p>La regulaci\u00f3n actual hace que la informaci\u00f3n ofrecida sea diferente para los clientes en funci\u00f3n del lugar de residencia. Por ejemplo, los europeos estan sujetos al ESMA que es una regulaci\u00f3n de protecci\u00f3n al inversor que no permite a personas NO profesionales tener apalancamientos superiores al 1:30.<\/p>\n\n\n\n<p class=\"has-text-align-center\">\n<a href='https:\/\/icmarkets.com\/?camp=41671' target='_blank' rel=\"noopener\"><img class='img-fluid' src='https:\/\/i0.wp.com\/promo.icmarkets.com\/GIFs\/2022\/Indices-FSA-ES\/970x250_Indices_FSA_ES.gif?resize=750%2C193&#038;ssl=1' width='750' height='193' data-recalc-dims=\"1\" \/><\/a><\/p>\n<figure class=\"wp-block-table alignleft is-style-regular\">\n<table>\n<thead>\n<tr>\n<th><\/th>\n<th class=\"has-text-align-center\" data-align=\"center\">Latinoamerica<\/th>\n<th>Europa<\/th>\n<\/tr>\n<\/thead>\n<tbody>\n<tr>\n<td width=\"30%\">Spread<\/td>\n<td colspan=\"2\" class=\"has-text-align-center\" data-align=\"center\">0.0<\/td>\n<\/tr>\n<tr>\n<td>Apalancamiento<\/td>\n<td class=\"has-text-align-center\" data-align=\"center\">1:500<\/td>\n<td>1:30<\/td>\n<\/tr>\n<tr>\n<td>Lote M\u00ednimo<\/td>\n<td colspan=\"2\" class=\"has-text-align-center\" data-align=\"center\">0.01<\/td>\n<\/tr>\n<tr>\n<td>Instrumentos<\/td>\n<td colspan=\"2\" class=\"has-text-align-center\" data-align=\"center\">+2250<\/td>\n<\/tr>\n<tr>\n<td>Soporte<\/td>\n<td colspan=\"2\" class=\"has-text-align-center\" data-align=\"center\">24\/7<\/td>\n<\/tr>\n<tr>\n<td>Regulado<\/td>\n<td class=\"has-text-align-center\" data-align=\"center\"><\/td>\n<td><\/td>\n<\/tr>\n<tr>\n<td>Cuenta Demo<\/td>\n<td colspan=\"2\" class=\"has-text-align-center\" data-align=\"center\">SI<\/td>\n<\/tr>\n<tr>\n<td>Cuenta Estandar<\/td>\n<td colspan=\"2\" class=\"has-text-align-center\" data-align=\"center\">SI<\/td>\n<\/tr>\n<tr>\n<td>Cuenta Raw<\/td>\n<td colspan=\"2\" class=\"has-text-align-center\" data-align=\"center\">SI<\/td>\n<\/tr>\n<tr>\n<td>Velocidad ejecuci\u00f3n (media)<\/td>\n<td class=\"has-text-align-center\" data-align=\"center\">120 ms<\/td>\n<td>40 ms<\/td>\n<\/tr>\n<tr>\n<td>VPS gratis<\/td>\n<td colspan=\"2\" class=\"has-text-align-center\" data-align=\"center\">A partir 15 lotes mes<\/td>\n<\/tr>\n<tr>\n<td>Plataformas<\/td>\n<td colspan=\"2\" class=\"has-text-align-center\" data-align=\"center\">Metatrader 4<br>Metatrader 5<br>cTrader<\/td>\n<\/tr>\n<tr>\n<tr>\n<td>CopyTrading<\/td>\n<td colspan=\"2\" class=\"has-text-align-center\" data-align=\"center\">NO<\/td>\n<\/tr>\n<td>Mercados<\/td>\n<td colspan=\"2\" class=\"has-text-align-center\" data-align=\"center\">Mercado Forex (61)<br>Materias Primas (22)<br>Acciones (+2100)<br>Indices (25)<br>Bonos (11)<br>Criptomonedas(21)<\/td>\n<\/tr>\n<tr>\n<td>M\u00e9todos de Pago<\/td>\n<td colspan=\"2\" class=\"has-text-align-center\" data-align=\"center\">Skrill<br>PayPal<br>Mastercard<br>Visa<br>Neteller<\/td>\n<\/tr>\n<tr>\n<td>Que dicen ellos de si mismos<\/td>\n<td colspan=\"2\" class=\"has-text-align-center\" data-align=\"center\">El objetivo de IC Markets es crear el mejor y m\u00e1s transparente entorno de trading para clientes minoristas e institucionales, lo que permite a los operadores centrarse m\u00e1s en sus operaciones. Creado por traders para traders, IC Markets est\u00e1 dedicado a ofrecer spreads, ejecuci\u00f3n y servicio superiores<\/td>\n<\/tr>\n<tr>\n<td>Que opinamos nosotros<\/td>\n<td colspan=\"2\" class=\"has-text-align-center\" data-align=\"center\">Es uno de los brokers m\u00e1s importantes a nivel mundial.<br>Llevamos trabajando con ellos desde 2017.<br>En l\u00edneas generales no hemos tenido problemas de ingresos ni retiros con ellos.<br>Desde que entro la regulaci\u00f3n Europea no ha sido tan rentable trabajar con ellos bajo la regulaci\u00f3n ESMA.<\/td>\n<\/tr>\n<\/tbody>\n<\/table>\n<\/figure>\n<p class=\"has-text-align-center\">\n<a class=\"ezds\" href=\"https:\/\/roboforex.com\/clients\/promotions\/profit-share\/\"><img class='img-fluid' src='https:\/\/i0.wp.com\/www.roboforex.com\/uploads\/news\/2019\/august\/new-server-procent-3\/rf-news__new-server.jpg?w=750&#038;ssl=1' data-recalc-dims=\"1\"\/><\/a><\/p>\n<figure class=\"wp-block-table alignleft is-style-regular\">\n<table>\n<thead>\n<tr>\n<th><\/th>\n<th class=\"has-text-align-center\" data-align=\"center\">Latinoamerica<\/th>\n<\/tr>\n<\/thead>\n<tbody>\n<tr>\n<td width=\"30%\">Spread<\/td>\n<td class=\"has-text-align-center\" data-align=\"center\">0.0<\/td>\n<\/tr>\n<tr>\n<td>Apalancamiento<\/td>\n<td class=\"has-text-align-center\" data-align=\"center\">1:2000<\/td>\n<\/tr>\n<tr>\n<td>Lote M\u00ednimo<\/td>\n<td class=\"has-text-align-center\" data-align=\"center\">Cuentas Micro con lote 0.01<\/td>\n<\/tr>\n<tr>\n<td>Instrumentos<\/td>\n<td class=\"has-text-align-center\" data-align=\"center\">+100<\/td>\n<\/tr>\n<tr>\n<td>Soporte<\/td>\n<td class=\"has-text-align-center\" data-align=\"center\">24\/7 &#8211; Asignan un mentor bastante activo<\/td>\n<\/tr>\n<tr>\n<td>Regulado<\/td>\n<td class=\"has-text-align-center\" data-align=\"center\">FSC (Belize)<\/td>\n<td><\/td>\n<\/tr>\n<tr>\n<td>Cuenta Demo<\/td>\n<td class=\"has-text-align-center\" data-align=\"center\">SI<\/td>\n<\/tr>\n<tr>\n<td>Cuenta Micro<\/td>\n<td class=\"has-text-align-center\" data-align=\"center\">SI<\/td>\n<\/tr>\n<tr>\n<td>Cuenta Prime<\/td>\n<td class=\"has-text-align-center\" data-align=\"center\">SI<\/td>\n<\/tr>\n<tr>\n<td>Cuenta ECN<\/td>\n<td class=\"has-text-align-center\" data-align=\"center\">SI<\/td>\n<\/tr>\n<tr>\n<td>Velocidad ejecuci\u00f3n (media)<\/td>\n<td class=\"has-text-align-center\" data-align=\"center\">50 ms<\/td>\n<\/tr>\n<tr>\n<td>VPS gratis<\/td>\n<td colspan=\"2\" class=\"has-text-align-center\" data-align=\"center\">A partir 5 lotes mes<\/td>\n<\/tr>\n<tr>\n<td>Plataformas<\/td>\n<td class=\"has-text-align-center\" data-align=\"center\">Metatrader 4<br>Metatrader 5<br>cTrader<br>WebTrader<\/td>\n<\/tr>\n<tr>\n<td>CopyTrading<\/td>\n<td class=\"has-text-align-center\" data-align=\"center\">SI<\/td>\n<\/tr>\n<tr>\n<td>Mercados<\/td>\n<td class=\"has-text-align-center\" data-align=\"center\">Acciones<br>Indices<br>Futuros<br>ETFs<br>Materias Primas<br>Energias<br>Metales<br>Divisas<br>Criptomonedas<\/td>\n<\/tr>\n<tr>\n<td>M\u00e9todos de Pago<\/td>\n<td class=\"has-text-align-center\" data-align=\"center\">Transferencia<br>Medios electr\u00f3nicos(Bitcoin, ETH,&#8230;) <br>Tarjetas de credito<\/td>\n<\/tr>\n<tr>\n<td>Que dicen ellos de si mismos<\/td>\n<td colspan=\"2\" class=\"has-text-align-center\" data-align=\"center\">RoboForex lleva operando desde 2009 y est\u00e1 regulado por la FSC, con la licencia n\u00ba 000138\/437.\nDesde el momento de su fundaci\u00f3n, RoboForex siempre se ha centrado en ofrecer las mejores condiciones de trading usando tecnolog\u00edas innovadoras tras muchos a\u00f1os de experiencia en el sector financiero. RoboForex es una empresa de corretaje financiero que ofrece 9 tipos de activos y m\u00e1s de 12.000 instrumentos de trading. Estamos muy orgullosos de la variedad de servicios que ofrecemos a nuestros clientes y socios, siendo de la misma calidad para todos independientemente de su experiencia y la cantidad invertida.<\/td>\n<\/tr>\n<tr>\n<td>Que opinamos nosotros<\/td>\n<td colspan=\"2\" class=\"has-text-align-center\" data-align=\"center\">Conocemos este broker desde hace varios a\u00f1os pero no trabajamos con \u00e9l hasta hace un par de a\u00f1os, cuando realmente comenz\u00f3 a destacar a nivel de servicios, calida<\/td>\n<\/tr>\n<\/tbody>\n<\/table>\n<\/figure>\n\n\n\n<div class=\"wp-block-columns is-layout-flex wp-container-core-columns-layout-2 wp-block-columns-is-layout-flex\">\n<div class=\"wp-block-column is-layout-flow wp-block-column-is-layout-flow\" style=\"flex-basis:100%\">\n<div class=\"wp-block-columns is-layout-flex wp-container-core-columns-layout-1 wp-block-columns-is-layout-flex\">\n<div class=\"wp-block-column is-layout-flow wp-block-column-is-layout-flow\"><\/div>\n\n\n\n<div class=\"wp-block-column is-layout-flow wp-block-column-is-layout-flow\"><\/div>\n<\/div>\n<\/div>\n<\/div>\n","protected":false},"excerpt":{"rendered":"<p>Los brokers son las plataformas que nos permiten operar dentro del mercado Forex. Tenemos que escoger una o varias para poder realizar el trading. La elecci\u00f3n no es trivial, ya depositamos nuestros fondos en estos brokers para poder abrir y cerrar las operaciones. Nosotros llevamos tiempo operando con ellos y [&hellip;]<\/p>\n","protected":false},"author":1,"featured_media":0,"parent":0,"menu_order":0,"comment_status":"closed","ping_status":"closed","template":"","meta":{"footnotes":""},"jetpack_sharing_enabled":true,"_links":{"self":[{"href":"https:\/\/forexzr.com\/index.php\/wp-json\/wp\/v2\/pages\/6545"}],"collection":[{"href":"https:\/\/forexzr.com\/index.php\/wp-json\/wp\/v2\/pages"}],"about":[{"href":"https:\/\/forexzr.com\/index.php\/wp-json\/wp\/v2\/types\/page"}],"author":[{"embeddable":true,"href":"https:\/\/forexzr.com\/index.php\/wp-json\/wp\/v2\/users\/1"}],"replies":[{"embeddable":true,"href":"https:\/\/forexzr.com\/index.php\/wp-json\/wp\/v2\/comments?post=6545"}],"version-history":[{"count":27,"href":"https:\/\/forexzr.com\/index.php\/wp-json\/wp\/v2\/pages\/6545\/revisions"}],"predecessor-version":[{"id":6622,"href":"https:\/\/forexzr.com\/index.php\/wp-json\/wp\/v2\/pages\/6545\/revisions\/6622"}],"wp:attachment":[{"href":"https:\/\/forexzr.com\/index.php\/wp-json\/wp\/v2\/media?parent=6545"}],"curies":[{"name":"wp","href":"https:\/\/api.w.org\/{rel}","templated":true}]}}