{"id":6839,"date":"2024-03-28T16:20:22","date_gmt":"2024-03-28T15:20:22","guid":{"rendered":"https:\/\/forexzr.com\/?page_id=6839"},"modified":"2024-03-28T16:20:23","modified_gmt":"2024-03-28T15:20:23","slug":"configuraciones-candelflux","status":"publish","type":"page","link":"https:\/\/forexzr.com\/index.php\/configuraciones-candelflux\/","title":{"rendered":"Configuraciones CandelFlux"},"content":{"rendered":"\n<p>CONFIGURACIONES POSIBLES PARA LOS DIFERENTES PARES<\/p>\n\n\n\n<p>Se han realizado una serie de test y se han plasmado los resultados en tablas para que pod\u00e1is escoger las configuraciones que m\u00e1s os interesen para vuestro trading.<\/p>\n\n\n\n<p>Configuraci\u00f3n para CandelFlux en XAGUSD &#8211; Capital inicial 100.000 (o 1000  para cuenta cent)<\/p>\n\n\n\n<div data-wp-interactive=\"\" class=\"wp-block-file\"><object data-wp-bind--hidden=\"!selectors.core.file.hasPdfPreview\" hidden class=\"wp-block-file__embed\" data=\"https:\/\/forexzr.com\/wp-content\/uploads\/2024\/03\/Resultadosbacktesting.pdf\" type=\"application\/pdf\" style=\"width:100%;height:600px\" aria-label=\"Incrustado de Resultadosbacktesting.\"><\/object><a id=\"wp-block-file--media-2cc16cea-c9b6-4895-bbea-6a5f0e6d84f7\" href=\"https:\/\/forexzr.com\/wp-content\/uploads\/2024\/03\/Resultadosbacktesting.pdf\">Resultadosbacktesting<\/a><a href=\"https:\/\/forexzr.com\/wp-content\/uploads\/2024\/03\/Resultadosbacktesting.pdf\" class=\"wp-block-file__button wp-element-button\" download aria-describedby=\"wp-block-file--media-2cc16cea-c9b6-4895-bbea-6a5f0e6d84f7\">Descarga<\/a><\/div>\n","protected":false},"excerpt":{"rendered":"<p>CONFIGURACIONES POSIBLES PARA LOS DIFERENTES PARES Se han realizado una serie de test y se han plasmado los resultados en tablas para que pod\u00e1is escoger las configuraciones que m\u00e1s os interesen para vuestro trading. Configuraci\u00f3n para CandelFlux en XAGUSD &#8211; Capital inicial 100.000 (o 1000 para cuenta cent)<\/p>\n","protected":false},"author":1,"featured_media":0,"parent":0,"menu_order":0,"comment_status":"closed","ping_status":"closed","template":"","meta":{"footnotes":""},"jetpack_sharing_enabled":true,"_links":{"self":[{"href":"https:\/\/forexzr.com\/index.php\/wp-json\/wp\/v2\/pages\/6839"}],"collection":[{"href":"https:\/\/forexzr.com\/index.php\/wp-json\/wp\/v2\/pages"}],"about":[{"href":"https:\/\/forexzr.com\/index.php\/wp-json\/wp\/v2\/types\/page"}],"author":[{"embeddable":true,"href":"https:\/\/forexzr.com\/index.php\/wp-json\/wp\/v2\/users\/1"}],"replies":[{"embeddable":true,"href":"https:\/\/forexzr.com\/index.php\/wp-json\/wp\/v2\/comments?post=6839"}],"version-history":[{"count":1,"href":"https:\/\/forexzr.com\/index.php\/wp-json\/wp\/v2\/pages\/6839\/revisions"}],"predecessor-version":[{"id":6841,"href":"https:\/\/forexzr.com\/index.php\/wp-json\/wp\/v2\/pages\/6839\/revisions\/6841"}],"wp:attachment":[{"href":"https:\/\/forexzr.com\/index.php\/wp-json\/wp\/v2\/media?parent=6839"}],"curies":[{"name":"wp","href":"https:\/\/api.w.org\/{rel}","templated":true}]}}