{"id":99,"date":"2019-11-02T05:41:05","date_gmt":"2019-11-02T04:41:05","guid":{"rendered":"http:\/\/forexzr.com\/?page_id=99"},"modified":"2023-05-30T19:05:15","modified_gmt":"2023-05-30T17:05:15","slug":"faqs","status":"publish","type":"page","link":"https:\/\/forexzr.com\/index.php\/faqs\/","title":{"rendered":"FAQS"},"content":{"rendered":"\n<div class=\"wp-block-themeisle-blocks-advanced-columns has-1-columns has-desktop-equal-layout has-tablet-equal-layout has-mobile-equal-layout has-default-gap has-vertical-unset\" id=\"wp-block-themeisle-blocks-advanced-columns-ef7c2c80\"><div class=\"wp-block-themeisle-blocks-advanced-columns-overlay\"><\/div><div class=\"innerblocks-wrap\">\n<div class=\"wp-block-themeisle-blocks-advanced-column\" id=\"wp-block-themeisle-blocks-advanced-column-49d126ba\">\n<p><strong>Instalaci\u00f3n Robots<\/strong><\/p>\n\n\n\n<p><strong>1.<\/strong> Tras efectuar su adquisici\u00f3n, el robot ser\u00e1 enviado mediante un correo electr\u00f3nico automatizado. Alternativamente, puede descargarse desde la secci\u00f3n <a href=\"https:\/\/forexzr.com\/index.php\/mi-cuenta\/\">Mi cuenta<\/a>.<\/p>\n\n\n\n<p><strong>2.<\/strong> A continuaci\u00f3n, procederemos con la instalaci\u00f3n del robot en su sistema MT4. Para ello, primero abra el programa MT4. A continuaci\u00f3n, navegue hacia &#8216;Archivo&#8217;, seleccione &#8216;Abrir carpeta de datos&#8217; y luego &#8216;MQL4&#8217;. En esta carpeta, por favor, sit\u00fae el archivo descargado y haga doble clic para iniciar su instalaci\u00f3n. Al finalizar, es necesario cerrar y reiniciar MT4 para que reconozca el nuevo robot.<\/p>\n\n\n\n<p><strong>3.<\/strong> Para activar el robot, debe arrastrarlo desde la pesta\u00f1a &#8216;Navegador&#8217; en MT4 hasta la ventana correspondiente al par de divisas en el que se aplicar\u00e1. Al realizar esta acci\u00f3n, se abrir\u00e1 la ventana &#8216;Par\u00e1metros de entrada&#8217;. Aqu\u00ed, se le solicitar\u00e1 que introduzca su n\u00famero de licencia, que puede localizarse tanto en el correo electr\u00f3nico automatizado que recibi\u00f3 inicialmente, como en <a rel=\"noreferrer noopener\" href=\"https:\/\/forexzr.com\/index.php\/mi-cuenta\/\" target=\"_blank\">Mi cuenta<\/a><\/p>\n\n\n\n<p><\/p>\n\n\n\n<p><\/p>\n\n\n\n<p><\/p>\n\n\n\n<figure class=\"wp-block-image size-large\"><img loading=\"lazy\" decoding=\"async\" width=\"560\" height=\"581\" src=\"https:\/\/i0.wp.com\/forexzr.com\/wp-content\/uploads\/2020\/10\/image.png?resize=560%2C581&#038;ssl=1\" alt=\"\" class=\"wp-image-4929\" srcset=\"https:\/\/i0.wp.com\/forexzr.com\/wp-content\/uploads\/2020\/10\/image.png?w=560&amp;ssl=1 560w, https:\/\/i0.wp.com\/forexzr.com\/wp-content\/uploads\/2020\/10\/image.png?resize=289%2C300&amp;ssl=1 289w\" sizes=\"(max-width: 560px) 100vw, 560px\" data-recalc-dims=\"1\" \/><\/figure>\n\n\n\n<p><\/p>\n\n\n\n<p><\/p>\n\n\n\n<p><\/p>\n\n\n\n<p><strong>4.<\/strong> <strong>En MT4 iremos a,\u00a0Herramientas\/opciones\/Asesores expertos<\/strong> incluiremos estos campos como podemos ver en la siguiente imagen.<\/p>\n\n\n\n<p><\/p>\n\n\n\n<p><\/p>\n\n\n\n<figure class=\"wp-block-image size-large\"><img loading=\"lazy\" decoding=\"async\" width=\"577\" height=\"387\" src=\"https:\/\/i0.wp.com\/forexzr.com\/wp-content\/uploads\/2020\/10\/image-1.png?resize=577%2C387&#038;ssl=1\" alt=\"\" class=\"wp-image-4933\" srcset=\"https:\/\/i0.wp.com\/forexzr.com\/wp-content\/uploads\/2020\/10\/image-1.png?w=577&amp;ssl=1 577w, https:\/\/i0.wp.com\/forexzr.com\/wp-content\/uploads\/2020\/10\/image-1.png?resize=300%2C201&amp;ssl=1 300w, https:\/\/i0.wp.com\/forexzr.com\/wp-content\/uploads\/2020\/10\/image-1.png?resize=360%2C240&amp;ssl=1 360w\" sizes=\"(max-width: 577px) 100vw, 577px\" data-recalc-dims=\"1\" \/><\/figure>\n\n\n\n<p><\/p>\n\n\n\n<p><\/p>\n\n\n\n<p><strong>5.<\/strong> En la web en&nbsp;<a rel=\"noreferrer noopener\" href=\"https:\/\/forexzr.com\/index.php\/mi-cuenta\/\" target=\"_blank\">Mi cuenta<\/a>&nbsp;a\u00f1adiremos el n\u00famero de cuenta del broker donde vaya a trabajar el robot.<\/p>\n\n\n\n<p class=\"has-header-gradient-color has-text-color\"><strong>Al finalizar este proceso el robot funcionar\u00e1 correctamente.<\/strong><\/p>\n\n\n\n<p><\/p>\n\n\n\n<p><\/p>\n\n\n\n<p><\/p>\n<\/div>\n<\/div><\/div>\n\n\n\n<p><\/p>\n","protected":false},"excerpt":{"rendered":"","protected":false},"author":1,"featured_media":0,"parent":0,"menu_order":0,"comment_status":"closed","ping_status":"closed","template":"","meta":{"footnotes":""},"jetpack_sharing_enabled":true,"_links":{"self":[{"href":"https:\/\/forexzr.com\/index.php\/wp-json\/wp\/v2\/pages\/99"}],"collection":[{"href":"https:\/\/forexzr.com\/index.php\/wp-json\/wp\/v2\/pages"}],"about":[{"href":"https:\/\/forexzr.com\/index.php\/wp-json\/wp\/v2\/types\/page"}],"author":[{"embeddable":true,"href":"https:\/\/forexzr.com\/index.php\/wp-json\/wp\/v2\/users\/1"}],"replies":[{"embeddable":true,"href":"https:\/\/forexzr.com\/index.php\/wp-json\/wp\/v2\/comments?post=99"}],"version-history":[{"count":9,"href":"https:\/\/forexzr.com\/index.php\/wp-json\/wp\/v2\/pages\/99\/revisions"}],"predecessor-version":[{"id":6480,"href":"https:\/\/forexzr.com\/index.php\/wp-json\/wp\/v2\/pages\/99\/revisions\/6480"}],"wp:attachment":[{"href":"https:\/\/forexzr.com\/index.php\/wp-json\/wp\/v2\/media?parent=99"}],"curies":[{"name":"wp","href":"https:\/\/api.w.org\/{rel}","templated":true}]}}