{"id":3315,"date":"2020-02-12T09:24:33","date_gmt":"2020-02-12T08:24:33","guid":{"rendered":"https:\/\/forexzr.com\/?post_type=product&#038;p=3315"},"modified":"2023-01-20T12:37:28","modified_gmt":"2023-01-20T11:37:28","slug":"scalping-bot-zr-double-x-licencia-6-meses","status":"publish","type":"product","link":"https:\/\/forexzr.com\/index.php\/producto\/scalping-bot-zr-double-x-licencia-6-meses\/","title":{"rendered":"Scalping Bot ZR Double X &#8211; Licencia 6 Meses"},"content":{"rendered":"<p><span>El Scalping Bot ZR Double X es un Asesor Experto que trabaja realizando buys y sells simult\u00e1neamente, se puede configurar de multiples formas para adaptar su funcionamiento a la cuenta del cliente y los pares que utilice.<\/span><\/p>\n<p><span>Este robot permite: <\/span><\/p>\n<p><span>\u00b7 Escoger n\u00famero m\u00e1gico y as\u00ed poder trabajar sobre diferentes pares o incluso sobre el mismo diferenciando unas operaciones de otras<\/span><\/p>\n<p><span>\u00b7 Seleccionar entre una cobertura tipo fibbonacci o directa. <\/span><\/p>\n<p><span>\u00b7 El volumen de las operaciones se puede aumentar o reducir en funcion del multiplicador.<\/span><\/p>\n<p>\u00b7 El objetivo de la operativa lo puede indicar el usuario<\/p>\n<p>\u00b7 Las coberturas de Buy y Sell son idependientes<\/p>\n<p>\u00b7 Existe la posibilidad de indicar un trailing stop al beneficio<\/p>\n<p><span>\u00b7 Puede configurarse un numero m\u00e1ximo de coberturas tanto para buys como para sells y tambien en el sentido contrario.<\/span><\/p>\n<p>\u00b7 Se puede seleccionar un rango de trabajo<\/p>\n<p><span>\u00b7 Podemos limitar el riesgo mediante las variables de cierre de seguridad y congelaci\u00f3n<\/span><\/p>\n<p><span>\u00b7 El horario es una variable configurable para dejarlo trabajar solo en la franja horaria que nos interese.<\/span><\/p>\n<p>\u00b7 Tiene control de spread<\/p>\n<p><span>Esta especialmente indicado para trabajar de continuo con un horario amplio de trabajo y aprovechar todas las oportunidades del mercado. <\/span><\/p>\n<p><span>Este asesor experto esta dise\u00f1ado para trabajar en Metatrader 4. <\/span><\/p>\n<p><span>Su uso es libre para trabajar en cualquier broker, pero esta especialmente indicado para aquellos borkers que trabajen con spreads inferiores a 1 Pip y apalancamientos superiores a 1:400.<\/span><\/p>\n","protected":false},"excerpt":{"rendered":"<h5 style=\"text-align: center;\"><span style=\"color: #999999;\"><del>ANTES 6 Meses 200\u20ac<\/del><\/span><\/h5>\n<h5 style=\"text-align: center;\"><a href=\"https:\/\/www.icmarkets.com\/?camp=41671\"><strong>PROMOCI\u00d3N<\/strong><\/a><\/h5>\n<p><span style=\"color: #3366ff;\"><a href=\"https:\/\/www.icmarkets.com\/?camp=41671\" style=\"color: #3366ff;\"><strong> 1 Mes adicional para clientes IcMArkets afiliados a Forex ZR<\/strong><\/a><\/span><\/p>\n<p><strong><a href=\"https:\/\/clicks.pipaffiliates.com\/c?c=313551&amp;l=es&amp;p=1\" target=\"_blank\" rel=\"noopener noreferrer\">1 Mes adicional para clientes de XM afiliados a Forex ZR<\/a><\/strong><\/p>\n<p>\u00b7 Robot para trading autom\u00e1tico Metatrader 4<\/p>\n<p>\u00b7 Recomendado para Profesionales e Iniciados<\/p>\n<p>\u00b7 Realiza compras y ventas simultaneas<\/p>\n<p>\u00b7 Trailing Stop<\/p>\n<p>\u00b7 Control de Rango<\/p>\n<p>\u00b7 Cierre de Seguridad<\/p>\n<p>\u00b7 Congelaci\u00f3n<\/p>\n<p>\u00b7 M\u00faltiples pares activos, numero m\u00e1gico independiente<\/p>\n<p>\u00b7 Time Frame M5 (TODOS)<\/p>\n","protected":false},"featured_media":3312,"template":"","meta":[],"product_cat":[30],"product_tag":[19,24,22,26,20,25,21,23],"jetpack_sharing_enabled":true,"_links":{"self":[{"href":"https:\/\/forexzr.com\/index.php\/wp-json\/wp\/v2\/product\/3315"}],"collection":[{"href":"https:\/\/forexzr.com\/index.php\/wp-json\/wp\/v2\/product"}],"about":[{"href":"https:\/\/forexzr.com\/index.php\/wp-json\/wp\/v2\/types\/product"}],"wp:featuredmedia":[{"embeddable":true,"href":"https:\/\/forexzr.com\/index.php\/wp-json\/wp\/v2\/media\/3312"}],"wp:attachment":[{"href":"https:\/\/forexzr.com\/index.php\/wp-json\/wp\/v2\/media?parent=3315"}],"wp:term":[{"taxonomy":"product_cat","embeddable":true,"href":"https:\/\/forexzr.com\/index.php\/wp-json\/wp\/v2\/product_cat?post=3315"},{"taxonomy":"product_tag","embeddable":true,"href":"https:\/\/forexzr.com\/index.php\/wp-json\/wp\/v2\/product_tag?post=3315"}],"curies":[{"name":"wp","href":"https:\/\/api.w.org\/{rel}","templated":true}]}}