{"id":4895,"date":"2020-10-06T15:46:08","date_gmt":"2020-10-06T13:46:08","guid":{"rendered":"https:\/\/forexzr.com\/?post_type=product&#038;p=4895"},"modified":"2023-06-01T01:07:25","modified_gmt":"2023-05-31T23:07:25","slug":"seeker-bot-licencia-6-meses","status":"publish","type":"product","link":"https:\/\/forexzr.com\/index.php\/producto\/seeker-bot-licencia-6-meses\/","title":{"rendered":"Seeker Bot &#8211; Licencia 6 meses &#8211; Afiliados a Roboforex"},"content":{"rendered":"<p><span>Seeker Bot es un Asesor Experto de configuraci\u00f3n f\u00e1cil, es decir, con poco par\u00e1metros podemos conseguir grandes resultados.<\/span><\/p>\n<p><strong>Este robot permite:<\/strong><\/p>\n<p><span>\u00b7 Se puede escoger horario para inicio de ciclo de operaciones.<\/span><\/p>\n<p>\u00b7 Las entradas se basan en varios indicadores del Metatrader controlados por 2 par\u00e1metros que permiten escoger los periodos estudiados y el otro el n\u00famero de entradas frente la calidad de las mismas<\/p>\n<p><span>\u00b7 Elegir el el rango, da acceso a una serie de operaciones que tienen por objetivo cerrar el ciclo en positivo.<\/span><\/p>\n<p><span>\u00b7 Indicar el volumen inicial<\/span><\/p>\n<p><span>\u00b7 Los ciclos tienen un TakeProfit de ciclo para obtener beneficios y un cierre de seguridad para limitar el riesgo<\/span><\/p>\n<p><span>\u00b7 Puede configurarse una congelaci\u00f3n del DrawDawn para que el usuario pueda decidir en que momento intervenir en la operativa, en casos excepcionales<\/span><\/p>\n<p><span>Este asesor experto esta dise\u00f1ado para trabajar en Metatrader 4.<\/span><\/p>\n<p><span>Su uso es libre para trabajar en cualquier broker, pero esta especialmente indicado para aquellos borkers que trabajen con spreads inferiores a 1 Pip y apalancamientos superiores a 1:400.<\/span><\/p>\n","protected":false},"excerpt":{"rendered":"<h5 style=\"text-align: center;\"><a href=\"https:\/\/www.icmarkets.com\/?camp=41671\"><strong>PROMOCI\u00d3N SOLO AFILIADOS<\/strong><\/a><\/h5>\n<p><span style=\"color: #3366ff;\"><a href=\"https:\/\/www.icmarkets.com\/?camp=41671\" style=\"color: #3366ff;\"><strong>GRATIS para clientes Roboforex afiliados a Forex ZR ID=ezds<\/strong><\/a><\/span><\/p>\n<p><strong><a href=\"https:\/\/clicks.pipaffiliates.com\/c?c=313551&amp;l=es&amp;p=1\" target=\"_blank\" rel=\"noopener noreferrer\">1 Mes adicional para clientes de IcMarkets o XM afiliados a Forex ZR<\/a><\/strong><\/p>\n<p>\u00b7 Robot para trading autom\u00e1tico Metatrader 4<\/p>\n<p>\u00b7 Recomendado para Profesionales e Iniciados<\/p>\n<p>\u00b7 Realiza compras o ventas segun mercado<\/p>\n<p>\u00b7 Profit en importe moneda<\/p>\n<p>\u00b7 Cierre de Seguridad<\/p>\n<p>\u00b7 Congelaci\u00f3n<\/p>\n<p>\u00b7 M\u00faltiples pares activos, numero m\u00e1gico autom\u00e1tico<\/p>\n<p>\u00b7 Time Frame M30 (TODOS)<\/p>\n","protected":false},"featured_media":4902,"template":"","meta":[],"product_cat":[33],"product_tag":[],"jetpack_sharing_enabled":true,"_links":{"self":[{"href":"https:\/\/forexzr.com\/index.php\/wp-json\/wp\/v2\/product\/4895"}],"collection":[{"href":"https:\/\/forexzr.com\/index.php\/wp-json\/wp\/v2\/product"}],"about":[{"href":"https:\/\/forexzr.com\/index.php\/wp-json\/wp\/v2\/types\/product"}],"wp:featuredmedia":[{"embeddable":true,"href":"https:\/\/forexzr.com\/index.php\/wp-json\/wp\/v2\/media\/4902"}],"wp:attachment":[{"href":"https:\/\/forexzr.com\/index.php\/wp-json\/wp\/v2\/media?parent=4895"}],"wp:term":[{"taxonomy":"product_cat","embeddable":true,"href":"https:\/\/forexzr.com\/index.php\/wp-json\/wp\/v2\/product_cat?post=4895"},{"taxonomy":"product_tag","embeddable":true,"href":"https:\/\/forexzr.com\/index.php\/wp-json\/wp\/v2\/product_tag?post=4895"}],"curies":[{"name":"wp","href":"https:\/\/api.w.org\/{rel}","templated":true}]}}