{"id":5183,"date":"2021-03-16T16:43:28","date_gmt":"2021-03-16T15:43:28","guid":{"rendered":"https:\/\/forexzr.com\/?post_type=product&#038;p=5183"},"modified":"2023-01-20T12:35:39","modified_gmt":"2023-01-20T11:35:39","slug":"criptobot-zr-licencia-1-mes","status":"publish","type":"product","link":"https:\/\/forexzr.com\/index.php\/producto\/criptobot-zr-licencia-1-mes\/","title":{"rendered":"Criptobot ZR &#8211; Est\u00e1ndar"},"content":{"rendered":"<p><span><strong>CriptoBot ZR<\/strong> es un <strong>robot para trading 100% autom\u00e1tico\u00a0para Criptomonedas<\/strong>, de configuraci\u00f3n <strong>f\u00e1cil<\/strong>, es decir, con poco par\u00e1metros podemos conseguir grandes resultados.<\/span><\/p>\n<p>Esta especialmente dise\u00f1ado para <strong>todos los p\u00fablicos<\/strong>, ofreciendo la posibilidad a los m\u00e1s noveles para entrar en un mercado de riesgo y obtener beneficios, al igual, que a los m\u00e1s experimentados para no perder ni una sola oportunidad de entrar al mercado.<\/p>\n<p>El bot trabaja con el exchange de <strong>Binance<\/strong> a trav\u00e9s de sus API Keys, esto quiere decir que <strong>la inversi\u00f3n estar\u00e1 en vuestra cartera<\/strong> o monedero, y el bot cambia de unas criptomonedas a otras para obtener beneficio con la diferencia, esto implica un <strong>riesgo muy bajo<\/strong>.<\/p>\n<p>El robot trabaja desde vuestro PC o VPS, analizando el mercado y ejecutando operaciones en Binance. Puede estar trabajando el tiempo que vosotros dese\u00e9is. Las operaciones que quedan abiertas una vez cerrado el robot se cerrar\u00e1n solas autom\u00e1ticamente cuando alcancen el beneficio indicado.<\/p>\n<p>Criptobot analiza y realiza <strong>operaciones sobre 14 criptomonedas<\/strong>, que monitorea mientras est\u00e1 funcionando para encontrar una buena entrada al mercado que nos permita <strong>comprar barato<\/strong> para posteriormente <strong>vender con un precio superior al de la compra<\/strong> y as\u00ed obtener beneficios.<\/p>\n<p>Las <strong>entradas al mercado<\/strong> est\u00e1n basadas en <strong>m\u00faltiples indicadores, tendencia y soportes y resistencias<\/strong> del mercado, el mismo robot puede ajustar la precisi\u00f3n de estos indicadores para abrir mayor o menor numero de operaciones, teniendo en cuenta que el riesgo puede ser mayor o menor.<\/p>\n<p><span>El <strong>importe de cada operaci\u00f3n se puede indicar desde la consola del robot<\/strong> al igual que el beneficio que deseamos obtener de cada operaci\u00f3n (recomendamos beneficios por operaci\u00f3n entre 1% y 2%).\u00a0<\/span><\/p>\n<p>El <strong>capital inicial requerido es m\u00ednimo<\/strong>, podemos empezar a operar a partir de 20 USDT, que es el importe m\u00ednimo que requiere Cripto Bot ZR para hacer operaci\u00f3n.<\/p>\n<p>El bot basa su operativa en un \u00abEstable Coin\u00bb, USDT, de esta forma los beneficios generados con el robot se mantendr\u00e1n y no ser\u00e1n influenciados por la oferta y demanda del mercado en otras posibles monedas.<\/p>\n","protected":false},"excerpt":{"rendered":"<p><span style=\"color: #ff0000;\"><strong>Licencia 1 Mes &#8211; Operaci\u00f3n m\u00e1xima 100 USDT<\/strong><\/span><\/p>\n<h5><span style=\"color: #800080;\"><strong><a href=\"https:\/\/accounts.binance.com\/es\/register?ref=P2EWLZ7G\" target=\"_blank\" rel=\"noopener\">PROMOCI\u00d3N SOLO AFILIADOS<\/a><\/strong><\/span><\/h5>\n<p><span style=\"color: #0000ff;\"><strong><a href=\"https:\/\/accounts.binance.com\/es\/register?ref=P2EWLZ7G\" target=\"_blank\" rel=\"noopener\">* 7 d\u00edas adicionales para clientes de Binance afiliados a ForexZR<\/a><\/strong><\/span><\/p>\n<p>\u00b7 Robot para trading Criptomonedas<br \/>\n\u00b7 Recomendado para Profesionales e Iniciados<br \/>\n\u00b7 Estrategia \u00abCompra barato y vende caro\u00bb<br \/>\n\u00b7 Trabaja con 14 criptomonedas<br \/>\n\u00b7 F\u00e1cil uso &#8211; 100% Autom\u00e1tico<br \/>\n\u00b7 Exclusivo para Binance<br \/>\n\u00b7 Capital inicial reducido<br \/>\n\u00b7 Riesgo Bajo<br \/>\n\u00b7 Trabaja desde el PC el tiempo que quieras<\/p>\n<p>&nbsp;<\/p>\n<p><em>* Se aplicar\u00e1 promoci\u00f3n solo 1 vez por usuario y posterior a la comprobaci\u00f3n de la afiliaci\u00f3n, para ello enviad un mail a forexzr@gmail.com<\/em><\/p>\n","protected":false},"featured_media":5184,"template":"","meta":[],"product_cat":[34],"product_tag":[],"jetpack_sharing_enabled":true,"_links":{"self":[{"href":"https:\/\/forexzr.com\/index.php\/wp-json\/wp\/v2\/product\/5183"}],"collection":[{"href":"https:\/\/forexzr.com\/index.php\/wp-json\/wp\/v2\/product"}],"about":[{"href":"https:\/\/forexzr.com\/index.php\/wp-json\/wp\/v2\/types\/product"}],"wp:featuredmedia":[{"embeddable":true,"href":"https:\/\/forexzr.com\/index.php\/wp-json\/wp\/v2\/media\/5184"}],"wp:attachment":[{"href":"https:\/\/forexzr.com\/index.php\/wp-json\/wp\/v2\/media?parent=5183"}],"wp:term":[{"taxonomy":"product_cat","embeddable":true,"href":"https:\/\/forexzr.com\/index.php\/wp-json\/wp\/v2\/product_cat?post=5183"},{"taxonomy":"product_tag","embeddable":true,"href":"https:\/\/forexzr.com\/index.php\/wp-json\/wp\/v2\/product_tag?post=5183"}],"curies":[{"name":"wp","href":"https:\/\/api.w.org\/{rel}","templated":true}]}}