{"id":5934,"date":"2022-02-01T13:24:53","date_gmt":"2022-02-01T12:24:53","guid":{"rendered":"https:\/\/forexzr.com\/?post_type=product&#038;p=5934"},"modified":"2023-01-20T12:31:23","modified_gmt":"2023-01-20T11:31:23","slug":"cripto-snifer-zr-spot-y-futures-usdt","status":"publish","type":"product","link":"https:\/\/forexzr.com\/index.php\/producto\/cripto-snifer-zr-spot-y-futures-usdt\/","title":{"rendered":"Cripto Snifer ZR &#8211; SPOT y FUTURES &#8211; USDT"},"content":{"rendered":"<p><span><strong>Cripto Snifer ZR<\/strong> es un <strong>robot para trading semiautom\u00e1tico para Criptomonedas<\/strong>, de configuraci\u00f3n <strong>f\u00e1cil<\/strong>, es decir, con poco par\u00e1metros podemos conseguir grandes resultados.<\/span><\/p>\n<p>Esta especialmente dise\u00f1ado para <strong>todos los p\u00fablicos<\/strong>, ofreciendo la posibilidad a los m\u00e1s noveles para entrar en un mercado de riesgo y obtener beneficios, al igual, que a los m\u00e1s experimentados para no perder ni una sola oportunidad de entrar al mercado.<\/p>\n<p>El bot trabaja con el exchange de <strong>Binance<\/strong> a trav\u00e9s de sus API Keys, esto quiere decir que <strong>la inversi\u00f3n estar\u00e1 en vuestra cartera<\/strong> o monedero, y el bot mostrar\u00e1 los activos donde poder realizar la inversi\u00f3n (sin hacerla), y el usuario podr\u00e1 decidir si entrar o no a la operativa, esto depende del usuario e implica un <strong>riesgo muy bajo<\/strong>.<\/p>\n<p>El robot trabaja desde vuestro PC o VPS, analizando el mercado, cada vez que lo solicit\u00e9is, analiza todas las criptomonedas que est\u00e1n en el exchange de Binance cruzadas con USDT (+100).<\/p>\n<p>Puede trabajar en el momento que vosotros dese\u00e9is.<\/p>\n<p>Cripto Sniffer ZR analiza <strong>\u00a0M\u00c1S de 100 criptomonedas<\/strong>, que monitorea mientras est\u00e1 funcionando para encontrar una buena entrada al mercado. El bot busca tanto compra como ventas y permite trabajar en SPOT o en FUTUROS dentro de Binance. En SPOT podemos aplicar la estateg\u00eda que nos permita <strong>comprar barato<\/strong> para posteriormente <strong>vender con un precio superior al de la compra<\/strong> y as\u00ed obtener beneficios. En FUTUROS podemos crear contratos tanto en ventas como en compras y obtener beneficios de los mismos e incluso apalancarnos.<\/p>\n<p>Las <strong>oportunidades del mercado<\/strong> est\u00e1n basadas en <strong>m\u00faltiples indicadores, tendencia y soportes y resistencias<\/strong> del mercado, el mismo robot puede ajustar la precisi\u00f3n de estos indicadores para encontrar mayor o menor numero de operaciones, teniendo en cuenta que el riesgo puede ser mayor o menor.<\/p>\n<p><span>El <strong>importe de cada operaci\u00f3n la escoger\u00e1 el usuario<\/strong> desde la web de Binance al igual que el beneficio que deseamos obtener de cada operaci\u00f3n (recomendamos beneficios por operaci\u00f3n entre 1% y 2%).\u00a0<\/span><\/p>\n<p>El <strong>capital inicial requerido es m\u00ednimo<\/strong>, podemos empezar a operar a partir de 10 USDT en SPOT, que es el importe m\u00ednimo que requiere Binance para hacer operaci\u00f3n o incluso con importes menores en FUTUROS donde podemos empezar con importes inferiores siempre y cuando respetemos el margen de la operaci\u00f3n.<\/p>\n<p>En el mercado SPOT las monedas que trabajaremos ser\u00e1n las que tenga el par donde vayamos a operar. En el mercado de FUTUROS podemos trabajar con monedas como BNB, USDT, BUSD, &#8230;, ya que los contratos los podemos comprar con diferentes monedas.<\/p>\n","protected":false},"excerpt":{"rendered":"<p><span style=\"color: #ff0000;\"><strong>Licencia 1 Mes &#8211; Cruces USDT (SPOT Y FUTUROS)<\/strong><\/span><\/p>\n<h5><span style=\"color: #800080;\"><strong>OFERTA DE LANZAMIENTO<br \/>\nPRECIO ESPECIAL !!!!<br \/>\n<\/strong><\/span><\/h5>\n<p>\u00b7 Robot para trading Criptomonedas<br \/>\n\u00b7 Recomendado para Profesionales e Iniciados<br \/>\n\u00b7 Estrategia buscar oportunidades de mercado<br \/>\n\u00b7 Analiza todas las cripto con cruces USDT (+400)<br \/>\n\u00b7 F\u00e1cil uso<br \/>\n\u00b7 An\u00e1lisis en Binance<br \/>\n\u00b7 Capital inicial reducido<br \/>\n\u00b7 Riesgo Bajo<br \/>\n\u00b7 Trabaja mercado SPOT Y FUTUROS<br \/>\n\u00b7 Trabaja desde el PC el tiempo que quieras<\/p>\n","protected":false},"featured_media":5929,"template":"","meta":[],"product_cat":[36],"product_tag":[],"jetpack_sharing_enabled":true,"_links":{"self":[{"href":"https:\/\/forexzr.com\/index.php\/wp-json\/wp\/v2\/product\/5934"}],"collection":[{"href":"https:\/\/forexzr.com\/index.php\/wp-json\/wp\/v2\/product"}],"about":[{"href":"https:\/\/forexzr.com\/index.php\/wp-json\/wp\/v2\/types\/product"}],"wp:featuredmedia":[{"embeddable":true,"href":"https:\/\/forexzr.com\/index.php\/wp-json\/wp\/v2\/media\/5929"}],"wp:attachment":[{"href":"https:\/\/forexzr.com\/index.php\/wp-json\/wp\/v2\/media?parent=5934"}],"wp:term":[{"taxonomy":"product_cat","embeddable":true,"href":"https:\/\/forexzr.com\/index.php\/wp-json\/wp\/v2\/product_cat?post=5934"},{"taxonomy":"product_tag","embeddable":true,"href":"https:\/\/forexzr.com\/index.php\/wp-json\/wp\/v2\/product_tag?post=5934"}],"curies":[{"name":"wp","href":"https:\/\/api.w.org\/{rel}","templated":true}]}}