{"id":5999,"date":"2022-06-21T12:47:50","date_gmt":"2022-06-21T10:47:50","guid":{"rendered":"https:\/\/forexzr.com\/?post_type=product&#038;p=5999"},"modified":"2023-05-10T06:35:34","modified_gmt":"2023-05-10T04:35:34","slug":"zonerobot-licencia-6-meses","status":"publish","type":"product","link":"https:\/\/forexzr.com\/index.php\/producto\/zonerobot-licencia-6-meses\/","title":{"rendered":"ZoneRobot &#8211; Licencia 6 Meses"},"content":{"rendered":"<p><span>El Zone Robot\u00a0 es un Asesor Experto que trabaja realizando buys y sells simult\u00e1neamente. Est\u00e1 dise\u00f1ado para trabajar en una rango de precio del que podemos conocer su drawdown m\u00e1ximo. Conocer de antemano el m\u00e1ximo flotante que va a asumir el asesor dentro de un rango de precio se convierte en una informaci\u00f3n muy valiosa que nos permite configurar el bot en funci\u00f3n de nuestro capital inicial y nuestro perfil de riesgo. Ofrece unos espectaculares beneficios, sobretodo con el uso del mismo durante periodos de tiempo prolongados, ya que una vez se asume el drawdown m\u00e1ximo los beneficios obtenidos se convierten en capital del usuario.<\/span><\/p>\n<p><span>Este robot permite: <\/span><\/p>\n<p><span>\u00b7 Escoger n\u00famero m\u00e1gico y as\u00ed poder trabajar sobre diferentes pares o incluso sobre el mismo diferenciando unas operaciones de otras<\/span><\/p>\n<p><span>\u00b7 Dispone de una consola en la misma ventana del Metatrader4 para poder modificar la configuraci\u00f3n sin necesidad de reiniciar el bot.<\/span><\/p>\n<p>\u00b7 Tenemos una calculadora que nos permite conocer la configuraci\u00f3n m\u00e1s adecuada en funci\u00f3n del drawdown.<\/p>\n<p>\u00b7 La distancia entre las operaciones es configurable.<\/p>\n<p>\u00b7 Podemos configurar una variable que nos permita reducir el drawdown utilizando parte de los beneficios obtenidos.<\/p>\n<p>\u00b7 El bot puede congelarse y descongelarse manualmente para trasladar la zona de operaciones a un nuevo rango en funci\u00f3n del movimiento del precio<\/p>\n<p><span>\u00b7 El bot puede monitorear y operar el mercado durante las 24horas del\u00a0<\/span>d\u00eda<\/p>\n<p><span>Esta especialmente indicado para trabajar en largos periodos de tiempo donde dejar que la oscilaci\u00f3n del precio nos genere beneficios.<\/span><\/p>\n<p><span>Este asesor experto esta dise\u00f1ado para trabajar en Metatrader 4. <\/span><\/p>\n","protected":false},"excerpt":{"rendered":"<h2>PROMOCI\u00d3N<\/h2>\n<p><strong>1 Mes adicional GRATIS <\/strong>para referidos Roboforex ID=ezds<\/p>\n<p><strong>1 Mes adicional GRATIS<\/strong> para referidos IcMarkets ID=41671<\/p>\n<p>\u00b7 Robot para trading autom\u00e1tico Metatrader 4<\/p>\n<p>\u00b7 Recomendado para Inicidados y Profesionales<\/p>\n<p>\u00b7 Realiza compras y ventas simultaneas<\/p>\n<p>\u00b7 Trabaja en rango de precios<\/p>\n<p>\u00b7 Drawdown m\u00e1ximo conocido desde un inicio<\/p>\n<p>\u00b7 Consola en gr\u00e1fico para cambiar par\u00e1metros al bot<\/p>\n<p>\u00b7 Congelaci\u00f3n (Manual o Autom\u00e1tica)<\/p>\n<p>\u00b7 M\u00faltiples pares activos, numero m\u00e1gico independiente<\/p>\n<p>\u00b7 Time Frame M5 (TODOS)<\/p>\n","protected":false},"featured_media":6004,"template":"","meta":[],"product_cat":[37],"product_tag":[19,24,22,26,20,25,21,23],"jetpack_sharing_enabled":true,"_links":{"self":[{"href":"https:\/\/forexzr.com\/index.php\/wp-json\/wp\/v2\/product\/5999"}],"collection":[{"href":"https:\/\/forexzr.com\/index.php\/wp-json\/wp\/v2\/product"}],"about":[{"href":"https:\/\/forexzr.com\/index.php\/wp-json\/wp\/v2\/types\/product"}],"wp:featuredmedia":[{"embeddable":true,"href":"https:\/\/forexzr.com\/index.php\/wp-json\/wp\/v2\/media\/6004"}],"wp:attachment":[{"href":"https:\/\/forexzr.com\/index.php\/wp-json\/wp\/v2\/media?parent=5999"}],"wp:term":[{"taxonomy":"product_cat","embeddable":true,"href":"https:\/\/forexzr.com\/index.php\/wp-json\/wp\/v2\/product_cat?post=5999"},{"taxonomy":"product_tag","embeddable":true,"href":"https:\/\/forexzr.com\/index.php\/wp-json\/wp\/v2\/product_tag?post=5999"}],"curies":[{"name":"wp","href":"https:\/\/api.w.org\/{rel}","templated":true}]}}