{"id":6106,"date":"2022-10-11T12:35:38","date_gmt":"2022-10-11T10:35:38","guid":{"rendered":"https:\/\/forexzr.com\/?post_type=product&#038;p=6106"},"modified":"2023-05-10T06:30:29","modified_gmt":"2023-05-10T04:30:29","slug":"kiran-bot-licencia-6-meses","status":"publish","type":"product","link":"https:\/\/forexzr.com\/index.php\/producto\/kiran-bot-licencia-6-meses\/","title":{"rendered":"Kiran Bot &#8211; licencia 6 meses"},"content":{"rendered":"<p><span>El Kiran Bot\u00a0 es un Asesor Experto que trabaja realizando buys y sells simult\u00e1neamente a una distancia preestablecida por el usuario. Esta dise\u00f1ado para ir generando beneficios cada vez que alcance la distancia y coloca una operaci\u00f3n en su lugar para cuando el precio cambie de tendencia pueda aprovechar el movimiento en esta nueva direcci\u00f3n. El bot trabaja muy bien en precios dentro de rangos, pero tambi\u00e9n genera beneficios en tendencia gracias a su tecnolog\u00eda de compensaci\u00f3n, que nos permite reducir al m\u00ednimo el flotante.<\/span><\/p>\n<p>Es un Asesor experto muy vers\u00e1til que podemos podemos configurar en funci\u00f3n de nuestro tipo de trading, tanto si queremos un perfil bajo de riesgo o un perfil alto de ingresos.<\/p>\n<p>Dispone de una consola de interacci\u00f3n en tiempo real que nos permitir\u00e1 cambiar la configuraci\u00f3n mientras el bot est\u00e1 trabajando, lo que nos permite adaptarnos r\u00e1pidamente a cualquier situaci\u00f3n o cambio en el mercado.<\/p>\n<p>Es muy sencillo de configurar ya que dispone de una variables b\u00e1sicas intuitivas que nos permiten m\u00e1s de 3.000.000 de configuraciones diferentes.<\/p>\n<p>NOTA: Kiran (Origen Hind\u00fa, significado \u00abRayo de Luz\u00bb) Esto es lo que ForexZR quiere que aporte este incre\u00edble Robot capaz de contribuir de forma positiva al trading del usuario.<\/p>\n<p><span>Este robot permite: <\/span><\/p>\n<p><span>\u00b7 Escoger n\u00famero m\u00e1gico y as\u00ed poder trabajar sobre diferentes pares o incluso sobre el mismo diferenciando unas operaciones de otras.<\/span><\/p>\n<p><span>\u00b7 Dispone de una consola en la misma ventana del Metatrader4 para poder modificar la configuraci\u00f3n sin necesidad de reiniciar el bot.<\/span><\/p>\n<p>\u00b7 La distancia entre las operaciones es configurable.<\/p>\n<p>\u00b7 Podemos configurar una variable que nos permita reducir el drawdown utilizando parte de los beneficios obtenidos.<\/p>\n<p><span>\u00b7 El bot puede monitorear y operar el mercado durante las 24horas del\u00a0<\/span>d\u00eda.<\/p>\n<p>\u00b7 Dispone de 1 Bot\u00f3n para activar y desactivar el bot que al mismo tiempo cierra todas las operaciones abiertas.<\/p>\n<p>\u00b7 Existe una variable que nos permite cambiar de la operativa del rango a la operativa de tendencia.<\/p>\n<p>\u00b7 La operativa de tendencia tambi\u00e9n tiene sus valores parametrizables.<\/p>\n<p>\u00b7 Se ha incluido una opci\u00f3n para ampliar la distancia en caso de que el flotante supere una cantidad indicada.<\/p>\n<p><span>Este asesor experto esta dise\u00f1ado para trabajar en Metatrader 4. <\/span><\/p>\n","protected":false},"excerpt":{"rendered":"<h3><strong>PROMOCI\u00d3N<\/strong><\/h3>\n<p><strong>1 Mes adicional de licencia<\/strong> para referidos Roboforex ID=\u00bbezds\u00bb<\/p>\n<p><strong>1 Mes adicional de licencia<\/strong>\u00a0para referidos IcMarkets ID=41671<\/p>\n<p>\u00b7 Robot para trading autom\u00e1tico Metatrader 4<\/p>\n<p>\u00b7 Recomendado para Inicidados y Profesionales<\/p>\n<p>\u00b7 Realiza compras y ventas simultaneas<\/p>\n<p>\u00b7 Trabaja en rango de precios<\/p>\n<p>\u00b7 Compensaci\u00f3n de flotante con beneficios<\/p>\n<p>\u00b7 Consola en gr\u00e1fico para cambiar par\u00e1metros al bot<\/p>\n<p>\u00b7 M\u00faltiples pares activos, numero m\u00e1gico independiente<\/p>\n<p>\u00b7 Time Frame M5 (TODOS)<\/p>\n<p>\u00b7 Diferenciaci\u00f3n entre rango y tendencia<\/p>\n","protected":false},"featured_media":6104,"template":"","meta":[],"product_cat":[38],"product_tag":[19,24,22,26,20,25,21,23],"jetpack_sharing_enabled":true,"_links":{"self":[{"href":"https:\/\/forexzr.com\/index.php\/wp-json\/wp\/v2\/product\/6106"}],"collection":[{"href":"https:\/\/forexzr.com\/index.php\/wp-json\/wp\/v2\/product"}],"about":[{"href":"https:\/\/forexzr.com\/index.php\/wp-json\/wp\/v2\/types\/product"}],"wp:featuredmedia":[{"embeddable":true,"href":"https:\/\/forexzr.com\/index.php\/wp-json\/wp\/v2\/media\/6104"}],"wp:attachment":[{"href":"https:\/\/forexzr.com\/index.php\/wp-json\/wp\/v2\/media?parent=6106"}],"wp:term":[{"taxonomy":"product_cat","embeddable":true,"href":"https:\/\/forexzr.com\/index.php\/wp-json\/wp\/v2\/product_cat?post=6106"},{"taxonomy":"product_tag","embeddable":true,"href":"https:\/\/forexzr.com\/index.php\/wp-json\/wp\/v2\/product_tag?post=6106"}],"curies":[{"name":"wp","href":"https:\/\/api.w.org\/{rel}","templated":true}]}}