{"id":6702,"date":"2023-10-10T19:52:06","date_gmt":"2023-10-10T17:52:06","guid":{"rendered":"https:\/\/forexzr.com\/?post_type=product&#038;p=6702"},"modified":"2023-10-10T20:31:24","modified_gmt":"2023-10-10T18:31:24","slug":"trading-bot-app-aplicacion-movil","status":"publish","type":"product","link":"https:\/\/forexzr.com\/index.php\/producto\/trading-bot-app-aplicacion-movil\/","title":{"rendered":"Trading Bot App (Aplicaci\u00f3n m\u00f3vil)"},"content":{"rendered":"<p><span>El Trading Bot es un Asesor Experto que trabaja realizando buys, sells o buys y sells simult\u00e1neamente, se puede configurar de m\u00faltiples formas para adaptar su funcionamiento a la cuenta del cliente y los pares que utilice, y permite la interacci\u00f3n en tiempo real con el bot para mejorar la eficiencia del mismo a trav\u00e9s de su dispositivo m\u00f3vil.<\/span><\/p>\n<p><span>Este robot permite: <\/span><\/p>\n<p><span>\u00b7 Escoger n\u00famero m\u00e1gico y as\u00ed poder trabajar sobre diferentes pares o incluso sobre el mismo diferenciando unas operaciones de otras<\/span><\/p>\n<p><span>\u00b7 El volumen de las operaciones se puede aumentar o reducir en funci\u00f3n\u00a0del multiplicador.<\/span><\/p>\n<p>\u00b7 El objetivo de la operativa lo puede indicar el usuario<\/p>\n<p>\u00b7 Se puede configurar el nivel de las coberturas<\/p>\n<p>\u00b7 Existe la posibilidad de indicar un trailing stop al beneficio<\/p>\n<p><span>Esta especialmente indicado para trabajar en cortos periodos de tiempo supervisado por el usuario y as\u00ed poder obtener m\u00e1ximos beneficios.<\/span><\/p>\n<p><span>Este asesor experto esta dise\u00f1ado para trabajar en Metatrader 4 y su dispositivo m\u00f3vil simult\u00e1neamente.<\/span><\/p>\n","protected":false},"excerpt":{"rendered":"<p>\u00b7 Licencia de uso 3 meses<\/p>\n<p>\u00b7 Robot para trading autom\u00e1tico Metatrader 4 y dispositivo Android<\/p>\n<p>\u00b7 Realiza compras, ventas o compras y ventas simultaneas<\/p>\n<p>\u00b7 Trailing Stop<\/p>\n","protected":false},"featured_media":6705,"template":"","meta":[],"product_cat":[35],"product_tag":[19,24,22,26,20,25,21,23],"jetpack_sharing_enabled":true,"_links":{"self":[{"href":"https:\/\/forexzr.com\/index.php\/wp-json\/wp\/v2\/product\/6702"}],"collection":[{"href":"https:\/\/forexzr.com\/index.php\/wp-json\/wp\/v2\/product"}],"about":[{"href":"https:\/\/forexzr.com\/index.php\/wp-json\/wp\/v2\/types\/product"}],"wp:featuredmedia":[{"embeddable":true,"href":"https:\/\/forexzr.com\/index.php\/wp-json\/wp\/v2\/media\/6705"}],"wp:attachment":[{"href":"https:\/\/forexzr.com\/index.php\/wp-json\/wp\/v2\/media?parent=6702"}],"wp:term":[{"taxonomy":"product_cat","embeddable":true,"href":"https:\/\/forexzr.com\/index.php\/wp-json\/wp\/v2\/product_cat?post=6702"},{"taxonomy":"product_tag","embeddable":true,"href":"https:\/\/forexzr.com\/index.php\/wp-json\/wp\/v2\/product_tag?post=6702"}],"curies":[{"name":"wp","href":"https:\/\/api.w.org\/{rel}","templated":true}]}}